{"id":717,"date":"2025-05-09T07:25:21","date_gmt":"2025-05-09T05:25:21","guid":{"rendered":"https:\/\/obiinsurancegroup.com\/?page_id=717"},"modified":"2025-05-09T07:33:18","modified_gmt":"2025-05-09T05:33:18","slug":"politicas-de-privacidad","status":"publish","type":"page","link":"https:\/\/obiinsurancegroup.com\/en\/politicas-de-privacidad\/","title":{"rendered":"Pol\u00edticas de Privacidad"},"content":{"rendered":"<div data-elementor-type=\"wp-page\" data-elementor-id=\"717\" class=\"elementor elementor-717\" data-elementor-post-type=\"page\">\n\t\t\t\t<div class=\"elementor-element elementor-element-34e562f e-flex e-con-boxed e-con e-parent\" data-id=\"34e562f\" data-element_type=\"container\">\n\t\t\t\t\t<div class=\"e-con-inner\">\n\t\t\t\t<div class=\"elementor-element elementor-element-8eaacca elementor-widget elementor-widget-heading\" data-id=\"8eaacca\" data-element_type=\"widget\" data-widget_type=\"heading.default\">\n\t\t\t\t<div class=\"elementor-widget-container\">\n\t\t\t\t\t<h2 class=\"elementor-heading-title elementor-size-default\">Privacy Policy of Obi Insurance Group<\/h2>\t\t\t\t<\/div>\n\t\t\t\t<\/div>\n\t\t\t\t<div class=\"elementor-element elementor-element-7c678ac elementor-widget elementor-widget-text-editor\" data-id=\"7c678ac\" data-element_type=\"widget\" data-widget_type=\"text-editor.default\">\n\t\t\t\t<div class=\"elementor-widget-container\">\n\t\t\t\t\t\t\t\t\t<p><span class=\"_fadeIn_m1hgl_8\">En <\/span><span class=\"_fadeIn_m1hgl_8\">Obi <\/span><span class=\"_fadeIn_m1hgl_8\">Insurance <\/span><span class=\"_fadeIn_m1hgl_8\">Group<\/span><span class=\"_fadeIn_m1hgl_8\">, <\/span><span class=\"_fadeIn_m1hgl_8\">valoramos <\/span><span class=\"_fadeIn_m1hgl_8\">su <\/span><span class=\"_fadeIn_m1hgl_8\">privacidad <\/span><span class=\"_fadeIn_m1hgl_8\">y <\/span><span class=\"_fadeIn_m1hgl_8\">estamos <\/span><span class=\"_fadeIn_m1hgl_8\">comprometidos <\/span><span class=\"_fadeIn_m1hgl_8\">con <\/span><span class=\"_fadeIn_m1hgl_8\">la <\/span><span class=\"_fadeIn_m1hgl_8\">protecci\u00f3n <\/span><span class=\"_fadeIn_m1hgl_8\">de <\/span><span class=\"_fadeIn_m1hgl_8\">su <\/span><span class=\"_fadeIn_m1hgl_8\">informaci\u00f3n <\/span><span class=\"_fadeIn_m1hgl_8\">personal. <\/span><span class=\"_fadeIn_m1hgl_8\">Esta <\/span><span class=\"_fadeIn_m1hgl_8\">Pol\u00edtica <\/span><span class=\"_fadeIn_m1hgl_8\">de <\/span><span class=\"_fadeIn_m1hgl_8\">Privacidad <\/span><span class=\"_fadeIn_m1hgl_8\">describe <\/span><span class=\"_fadeIn_m1hgl_8\">c\u00f3mo <\/span><span class=\"_fadeIn_m1hgl_8\">recopilamos, <\/span><span class=\"_fadeIn_m1hgl_8\">usamos <\/span><span class=\"_fadeIn_m1hgl_8\">y <\/span><span class=\"_fadeIn_m1hgl_8\">protegemos <\/span><span class=\"_fadeIn_m1hgl_8\">la <\/span><span class=\"_fadeIn_m1hgl_8\">informaci\u00f3n <\/span><span class=\"_fadeIn_m1hgl_8\">que <\/span><span class=\"_fadeIn_m1hgl_8\">usted <\/span><span class=\"_fadeIn_m1hgl_8\">nos <\/span><span class=\"_fadeIn_m1hgl_8\">proporciona <\/span><span class=\"_fadeIn_m1hgl_8\">a <\/span><span class=\"_fadeIn_m1hgl_8\">trav\u00e9s <\/span><span class=\"_fadeIn_m1hgl_8\">de <\/span><span class=\"_fadeIn_m1hgl_8\">nuestro <\/span><span class=\"_fadeIn_m1hgl_8\">sitio <\/span><span class=\"_fadeIn_m1hgl_8\">web <\/span><span class=\"_fadeIn_m1hgl_8\">y <\/span><span class=\"_fadeIn_m1hgl_8\">servicios <\/span><span class=\"_fadeIn_m1hgl_8\">asociados.<\/span><\/p><p data-start=\"658\" data-end=\"693\"><span class=\"_fadeIn_m1hgl_8\">Informaci\u00f3n <\/span><span class=\"_fadeIn_m1hgl_8\">que <\/span><span class=\"_fadeIn_m1hgl_8\">Recopilamos<\/span><\/p><p><span class=\"_fadeIn_m1hgl_8\">Podemos <\/span><span class=\"_fadeIn_m1hgl_8\">recopilar <\/span><span class=\"_fadeIn_m1hgl_8\">la <\/span><span class=\"_fadeIn_m1hgl_8\">siguiente <\/span><span class=\"_fadeIn_m1hgl_8\">informaci\u00f3n <\/span><span class=\"_fadeIn_m1hgl_8\">personal:<\/span><\/p><ul data-start=\"749\" data-end=\"1049\"><li data-start=\"749\" data-end=\"766\"><span class=\"_fadeIn_m1hgl_8\">Nombre <\/span><span class=\"_fadeIn_m1hgl_8\">completo<\/span><\/li><li data-start=\"767\" data-end=\"800\"><span class=\"_fadeIn_m1hgl_8\">Direcci\u00f3n <\/span><span class=\"_fadeIn_m1hgl_8\">de <\/span><span class=\"_fadeIn_m1hgl_8\">correo <\/span><span class=\"_fadeIn_m1hgl_8\">electr\u00f3nico<\/span><\/li><li data-start=\"801\" data-end=\"821\"><span class=\"_fadeIn_m1hgl_8\">N\u00famero <\/span><span class=\"_fadeIn_m1hgl_8\">de <\/span><span class=\"_fadeIn_m1hgl_8\">tel\u00e9fono<\/span><\/li><li data-start=\"822\" data-end=\"891\"><span class=\"_fadeIn_m1hgl_8\">Informaci\u00f3n <\/span><span class=\"_fadeIn_m1hgl_8\">financiera (<\/span><span class=\"_fadeIn_m1hgl_8\">para <\/span><span class=\"_fadeIn_m1hgl_8\">cotizaciones <\/span><span class=\"_fadeIn_m1hgl_8\">o <\/span><span class=\"_fadeIn_m1hgl_8\">solicitudes <\/span><span class=\"_fadeIn_m1hgl_8\">de <\/span><span class=\"_fadeIn_m1hgl_8\">seguros)<\/span><\/li><li data-start=\"892\" data-end=\"958\"><span class=\"_fadeIn_m1hgl_8\">Informaci\u00f3n <\/span><span class=\"_fadeIn_m1hgl_8\">de <\/span><span class=\"_fadeIn_m1hgl_8\">salud (<\/span><span class=\"_fadeIn_m1hgl_8\">si <\/span><span class=\"_fadeIn_m1hgl_8\">aplica <\/span><span class=\"_fadeIn_m1hgl_8\">al <\/span><span class=\"_fadeIn_m1hgl_8\">tipo <\/span><span class=\"_fadeIn_m1hgl_8\">de <\/span><span class=\"_fadeIn_m1hgl_8\">cobertura <\/span><span class=\"_fadeIn_m1hgl_8\">solicitada)<\/span><\/li><li data-start=\"959\" data-end=\"999\"><span class=\"_fadeIn_m1hgl_8\">Informaci\u00f3n <\/span><span class=\"_fadeIn_m1hgl_8\">demogr\u00e1fica <\/span><span class=\"_fadeIn_m1hgl_8\">y <\/span><span class=\"_fadeIn_m1hgl_8\">de <\/span><span class=\"_fadeIn_m1hgl_8\">ubicaci\u00f3n<\/span><\/li><li data-start=\"1000\" data-end=\"1049\"><span class=\"_fadeIn_m1hgl_8\">Preferencias <\/span><span class=\"_fadeIn_m1hgl_8\">personales <\/span><span class=\"_fadeIn_m1hgl_8\">y <\/span><span class=\"_fadeIn_m1hgl_8\">objetivos <\/span><span class=\"_fadeIn_m1hgl_8\">financieros<\/span><\/li><\/ul><p data-start=\"1051\" data-end=\"1081\"><span class=\"_fadeIn_m1hgl_8\">Uso <\/span><span class=\"_fadeIn_m1hgl_8\">de <\/span><span class=\"_fadeIn_m1hgl_8\">su <\/span><span class=\"_fadeIn_m1hgl_8\">Informaci\u00f3n<\/span><\/p><p><span class=\"_fadeIn_m1hgl_8\">Utilizamos <\/span><span class=\"_fadeIn_m1hgl_8\">su <\/span><span class=\"_fadeIn_m1hgl_8\">informaci\u00f3n <\/span><span class=\"_fadeIn_m1hgl_8\">para:<\/span><\/p><ul data-start=\"1116\" data-end=\"1406\"><li data-start=\"1116\" data-end=\"1172\"><span class=\"_fadeIn_m1hgl_8\">Proveer <\/span><span class=\"_fadeIn_m1hgl_8\">servicios <\/span><span class=\"_fadeIn_m1hgl_8\">de <\/span><span class=\"_fadeIn_m1hgl_8\">asesor\u00eda <\/span><span class=\"_fadeIn_m1hgl_8\">en <\/span><span class=\"_fadeIn_m1hgl_8\">seguros <\/span><span class=\"_fadeIn_m1hgl_8\">de <\/span><span class=\"_fadeIn_m1hgl_8\">vida <\/span><span class=\"_fadeIn_m1hgl_8\">e <\/span><span class=\"_fadeIn_m1hgl_8\">IUL<\/span><\/li><li data-start=\"1173\" data-end=\"1217\"><span class=\"_fadeIn_m1hgl_8\">Personalizar <\/span><span class=\"_fadeIn_m1hgl_8\">su <\/span><span class=\"_fadeIn_m1hgl_8\">experiencia <\/span><span class=\"_fadeIn_m1hgl_8\">y <\/span><span class=\"_fadeIn_m1hgl_8\">cotizaciones<\/span><\/li><li data-start=\"1218\" data-end=\"1281\"><span class=\"_fadeIn_m1hgl_8\">Procesar <\/span><span class=\"_fadeIn_m1hgl_8\">solicitudes, <\/span><span class=\"_fadeIn_m1hgl_8\">formularios <\/span><span class=\"_fadeIn_m1hgl_8\">y <\/span><span class=\"_fadeIn_m1hgl_8\">contrataciones <\/span><span class=\"_fadeIn_m1hgl_8\">de <\/span><span class=\"_fadeIn_m1hgl_8\">p\u00f3lizas<\/span><\/li><li data-start=\"1282\" data-end=\"1358\"><span class=\"_fadeIn_m1hgl_8\">Comunicarnos <\/span><span class=\"_fadeIn_m1hgl_8\">con <\/span><span class=\"_fadeIn_m1hgl_8\">usted <\/span><span class=\"_fadeIn_m1hgl_8\">sobre <\/span><span class=\"_fadeIn_m1hgl_8\">su <\/span><span class=\"_fadeIn_m1hgl_8\">p\u00f3liza, <\/span><span class=\"_fadeIn_m1hgl_8\">actualizaciones <\/span><span class=\"_fadeIn_m1hgl_8\">o <\/span><span class=\"_fadeIn_m1hgl_8\">nuevos <\/span><span class=\"_fadeIn_m1hgl_8\">productos<\/span><\/li><li data-start=\"1359\" data-end=\"1406\"><span class=\"_fadeIn_m1hgl_8\">Cumplir <\/span><span class=\"_fadeIn_m1hgl_8\">con <\/span><span class=\"_fadeIn_m1hgl_8\">requisitos <\/span><span class=\"_fadeIn_m1hgl_8\">legales <\/span><span class=\"_fadeIn_m1hgl_8\">y <\/span><span class=\"_fadeIn_m1hgl_8\">regulatorios<\/span><\/li><\/ul><p data-start=\"1408\" data-end=\"1443\"><span class=\"_fadeIn_m1hgl_8\">Seguridad <\/span><span class=\"_fadeIn_m1hgl_8\">de <\/span><span class=\"_fadeIn_m1hgl_8\">la <\/span><span class=\"_fadeIn_m1hgl_8\">Informaci\u00f3n<\/span><\/p><p><span class=\"_fadeIn_m1hgl_8\">Implementamos <\/span><span class=\"_fadeIn_m1hgl_8\">medidas <\/span><span class=\"_fadeIn_m1hgl_8\">t\u00e9cnicas, <\/span><span class=\"_fadeIn_m1hgl_8\">administrativas <\/span><span class=\"_fadeIn_m1hgl_8\">y <\/span><span class=\"_fadeIn_m1hgl_8\">f\u00edsicas <\/span><span class=\"_fadeIn_m1hgl_8\">para <\/span><span class=\"_fadeIn_m1hgl_8\">proteger <\/span><span class=\"_fadeIn_m1hgl_8\">sus <\/span><span class=\"_fadeIn_m1hgl_8\">datos <\/span><span class=\"_fadeIn_m1hgl_8\">contra <\/span><span class=\"_fadeIn_m1hgl_8\">el <\/span><span class=\"_fadeIn_m1hgl_8\">acceso <\/span><span class=\"_fadeIn_m1hgl_8\">no <\/span><span class=\"_fadeIn_m1hgl_8\">autorizado, <\/span><span class=\"_fadeIn_m1hgl_8\">p\u00e9rdida <\/span><span class=\"_fadeIn_m1hgl_8\">o <\/span><span class=\"_fadeIn_m1hgl_8\">divulgaci\u00f3n. <\/span><span class=\"_fadeIn_m1hgl_8\">Solo <\/span><span class=\"_fadeIn_m1hgl_8\">el <\/span><span class=\"_fadeIn_m1hgl_8\">personal <\/span><span class=\"_fadeIn_m1hgl_8\">autorizado <\/span><span class=\"_fadeIn_m1hgl_8\">tiene <\/span><span class=\"_fadeIn_m1hgl_8\">acceso <\/span><span class=\"_fadeIn_m1hgl_8\">a <\/span><span class=\"_fadeIn_m1hgl_8\">la <\/span><span class=\"_fadeIn_m1hgl_8\">informaci\u00f3n <\/span><span class=\"_fadeIn_m1hgl_8\">personal, <\/span><span class=\"_fadeIn_m1hgl_8\">y <\/span><span class=\"_fadeIn_m1hgl_8\">est\u00e1 <\/span><span class=\"_fadeIn_m1hgl_8\">obligado <\/span><span class=\"_fadeIn_m1hgl_8\">a <\/span><span class=\"_fadeIn_m1hgl_8\">mantener <\/span><span class=\"_fadeIn_m1hgl_8\">su <\/span><span class=\"_fadeIn_m1hgl_8\">confidencialidad.<\/span><\/p><p data-start=\"1699\" data-end=\"1728\"><span class=\"_fadeIn_m1hgl_8\">Compartir <\/span><span class=\"_fadeIn_m1hgl_8\">Informaci\u00f3n<\/span><\/p><p><span class=\"_fadeIn_m1hgl_8\">NO <\/span><span class=\"_fadeIn_m1hgl_8\">vendemos <\/span><span class=\"_fadeIn_m1hgl_8\">su <\/span><span class=\"_fadeIn_m1hgl_8\">informaci\u00f3n <\/span><span class=\"_fadeIn_m1hgl_8\">personal.<\/span> <span class=\"_fadeIn_m1hgl_8\">Solo <\/span><span class=\"_fadeIn_m1hgl_8\">compartimos <\/span><span class=\"_fadeIn_m1hgl_8\">sus <\/span><span class=\"_fadeIn_m1hgl_8\">datos <\/span><span class=\"_fadeIn_m1hgl_8\">en <\/span><span class=\"_fadeIn_m1hgl_8\">los <\/span><span class=\"_fadeIn_m1hgl_8\">siguientes <\/span><span class=\"_fadeIn_m1hgl_8\">casos:<\/span><\/p><ul data-start=\"1824\" data-end=\"2026\"><li data-start=\"1824\" data-end=\"1879\"><span class=\"_fadeIn_m1hgl_8\">Con <\/span><span class=\"_fadeIn_m1hgl_8\">compa\u00f1\u00edas <\/span><span class=\"_fadeIn_m1hgl_8\">aseguradoras <\/span><span class=\"_fadeIn_m1hgl_8\">para <\/span><span class=\"_fadeIn_m1hgl_8\">procesar <\/span><span class=\"_fadeIn_m1hgl_8\">su <\/span><span class=\"_fadeIn_m1hgl_8\">solicitud<\/span><\/li><li data-start=\"1880\" data-end=\"1971\"><span class=\"_fadeIn_m1hgl_8\">Con <\/span><span class=\"_fadeIn_m1hgl_8\">proveedores <\/span><span class=\"_fadeIn_m1hgl_8\">de <\/span><span class=\"_fadeIn_m1hgl_8\">servicios <\/span><span class=\"_fadeIn_m1hgl_8\">contratados <\/span><span class=\"_fadeIn_m1hgl_8\">por <\/span><span class=\"_fadeIn_m1hgl_8\">nosotros (<\/span><span class=\"_fadeIn_m1hgl_8\">por <\/span><span class=\"_fadeIn_m1hgl_8\">ejemplo, <\/span><span class=\"_fadeIn_m1hgl_8\">CRM, <\/span><span class=\"_fadeIn_m1hgl_8\">alojamiento <\/span><span class=\"_fadeIn_m1hgl_8\">web)<\/span><\/li><li data-start=\"1972\" data-end=\"2026\"><span class=\"_fadeIn_m1hgl_8\">Cuando <\/span><span class=\"_fadeIn_m1hgl_8\">sea <\/span><span class=\"_fadeIn_m1hgl_8\">requerido <\/span><span class=\"_fadeIn_m1hgl_8\">por <\/span><span class=\"_fadeIn_m1hgl_8\">ley <\/span><span class=\"_fadeIn_m1hgl_8\">o <\/span><span class=\"_fadeIn_m1hgl_8\">autoridad <\/span><span class=\"_fadeIn_m1hgl_8\">regulatoria<\/span><\/li><\/ul><p data-start=\"2028\" data-end=\"2075\"><span class=\"_fadeIn_m1hgl_8\">Uso <\/span><span class=\"_fadeIn_m1hgl_8\">de <\/span><span class=\"_fadeIn_m1hgl_8\">Cookies <\/span><span class=\"_fadeIn_m1hgl_8\">y <\/span><span class=\"_fadeIn_m1hgl_8\">Tecnolog\u00edas <\/span><span class=\"_fadeIn_m1hgl_8\">de <\/span><span class=\"_fadeIn_m1hgl_8\">Rastreo<\/span><\/p><p><span class=\"_fadeIn_m1hgl_8\">Nuestro <\/span><span class=\"_fadeIn_m1hgl_8\">sitio <\/span><span class=\"_fadeIn_m1hgl_8\">web <\/span><span class=\"_fadeIn_m1hgl_8\">utiliza <\/span><span class=\"_fadeIn_m1hgl_8\">cookies <\/span><span class=\"_fadeIn_m1hgl_8\">para <\/span><span class=\"_fadeIn_m1hgl_8\">mejorar <\/span><span class=\"_fadeIn_m1hgl_8\">su <\/span><span class=\"_fadeIn_m1hgl_8\">experiencia, <\/span><span class=\"_fadeIn_m1hgl_8\">analizar <\/span><span class=\"_fadeIn_m1hgl_8\">el <\/span><span class=\"_fadeIn_m1hgl_8\">tr\u00e1fico <\/span><span class=\"_fadeIn_m1hgl_8\">y <\/span><span class=\"_fadeIn_m1hgl_8\">ofrecer <\/span><span class=\"_fadeIn_m1hgl_8\">contenido <\/span><span class=\"_fadeIn_m1hgl_8\">personalizado. <\/span><span class=\"_fadeIn_m1hgl_8\">Al <\/span><span class=\"_fadeIn_m1hgl_8\">utilizar <\/span><span class=\"_fadeIn_m1hgl_8\">nuestro <\/span><span class=\"_fadeIn_m1hgl_8\">sitio, <\/span><span class=\"_fadeIn_m1hgl_8\">usted <\/span><span class=\"_fadeIn_m1hgl_8\">acepta <\/span><span class=\"_fadeIn_m1hgl_8\">el <\/span><span class=\"_fadeIn_m1hgl_8\">uso <\/span><span class=\"_fadeIn_m1hgl_8\">de <\/span><span class=\"_fadeIn_m1hgl_8\">cookies. <\/span><span class=\"_fadeIn_m1hgl_8\">Puede <\/span><span class=\"_fadeIn_m1hgl_8\">controlar <\/span><span class=\"_fadeIn_m1hgl_8\">el <\/span><span class=\"_fadeIn_m1hgl_8\">uso <\/span><span class=\"_fadeIn_m1hgl_8\">de <\/span><span class=\"_fadeIn_m1hgl_8\">cookies <\/span><span class=\"_fadeIn_m1hgl_8\">desde <\/span><span class=\"_fadeIn_m1hgl_8\">la <\/span><span class=\"_fadeIn_m1hgl_8\">configuraci\u00f3n <\/span><span class=\"_fadeIn_m1hgl_8\">de <\/span><span class=\"_fadeIn_m1hgl_8\">su <\/span><span class=\"_fadeIn_m1hgl_8\">navegador.<\/span><\/p><p data-start=\"2329\" data-end=\"2356\"><span class=\"_fadeIn_m1hgl_8\">Privacidad <\/span><span class=\"_fadeIn_m1hgl_8\">Infantil<\/span><\/p><p><span class=\"_fadeIn_m1hgl_8\">Nuestros <\/span><span class=\"_fadeIn_m1hgl_8\">servicios <\/span><span class=\"_fadeIn_m1hgl_8\">no <\/span><span class=\"_fadeIn_m1hgl_8\">est\u00e1n <\/span><span class=\"_fadeIn_m1hgl_8\">dirigidos <\/span><span class=\"_fadeIn_m1hgl_8\">a <\/span><span class=\"_fadeIn_m1hgl_8\">menores <\/span><span class=\"_fadeIn_m1hgl_8\">de <\/span><span class=\"_fadeIn_m1hgl_8\">18 <\/span><span class=\"_fadeIn_m1hgl_8\">a\u00f1os. <\/span><span class=\"_fadeIn_m1hgl_8\">No <\/span><span class=\"_fadeIn_m1hgl_8\">recopilamos <\/span><span class=\"_fadeIn_m1hgl_8\">intencionalmente <\/span><span class=\"_fadeIn_m1hgl_8\">informaci\u00f3n <\/span><span class=\"_fadeIn_m1hgl_8\">de <\/span><span class=\"_fadeIn_m1hgl_8\">ni\u00f1os <\/span><span class=\"_fadeIn_m1hgl_8\">sin <\/span><span class=\"_fadeIn_m1hgl_8\">el <\/span><span class=\"_fadeIn_m1hgl_8\">consentimiento <\/span><span class=\"_fadeIn_m1hgl_8\">de <\/span><span class=\"_fadeIn_m1hgl_8\">sus <\/span><span class=\"_fadeIn_m1hgl_8\">padres <\/span><span class=\"_fadeIn_m1hgl_8\">o <\/span><span class=\"_fadeIn_m1hgl_8\">tutores.<\/span><\/p><p data-start=\"2519\" data-end=\"2539\"><span class=\"_fadeIn_m1hgl_8\">Sus <\/span><span class=\"_fadeIn_m1hgl_8\">Derechos<\/span><\/p><p><span class=\"_fadeIn_m1hgl_8\">Dependiendo <\/span><span class=\"_fadeIn_m1hgl_8\">de <\/span><span class=\"_fadeIn_m1hgl_8\">su <\/span><span class=\"_fadeIn_m1hgl_8\">ubicaci\u00f3n, <\/span><span class=\"_fadeIn_m1hgl_8\">usted <\/span><span class=\"_fadeIn_m1hgl_8\">puede <\/span><span class=\"_fadeIn_m1hgl_8\">tener <\/span><span class=\"_fadeIn_m1hgl_8\">derechos <\/span><span class=\"_fadeIn_m1hgl_8\">como:<\/span><\/p><ul data-start=\"2604\" data-end=\"2762\"><li data-start=\"2604\" data-end=\"2639\"><span class=\"_fadeIn_m1hgl_8\">Acceder <\/span><span class=\"_fadeIn_m1hgl_8\">a <\/span><span class=\"_fadeIn_m1hgl_8\">su <\/span><span class=\"_fadeIn_m1hgl_8\">informaci\u00f3n <\/span><span class=\"_fadeIn_m1hgl_8\">personal<\/span><\/li><li data-start=\"2640\" data-end=\"2692\"><span class=\"_fadeIn_m1hgl_8\">Solicitar <\/span><span class=\"_fadeIn_m1hgl_8\">la <\/span><span class=\"_fadeIn_m1hgl_8\">correcci\u00f3n <\/span><span class=\"_fadeIn_m1hgl_8\">o <\/span><span class=\"_fadeIn_m1hgl_8\">eliminaci\u00f3n <\/span><span class=\"_fadeIn_m1hgl_8\">de <\/span><span class=\"_fadeIn_m1hgl_8\">sus <\/span><span class=\"_fadeIn_m1hgl_8\">datos<\/span><\/li><li data-start=\"2693\" data-end=\"2762\"><span class=\"_fadeIn_m1hgl_8\">Retirar <\/span><span class=\"_fadeIn_m1hgl_8\">su <\/span><span class=\"_fadeIn_m1hgl_8\">consentimiento <\/span><span class=\"_fadeIn_m1hgl_8\">para <\/span><span class=\"_fadeIn_m1hgl_8\">ciertas <\/span><span class=\"_fadeIn_m1hgl_8\">actividades <\/span><span class=\"_fadeIn_m1hgl_8\">de <\/span><span class=\"_fadeIn_m1hgl_8\">procesamiento<\/span><\/li><\/ul><p><span class=\"_fadeIn_m1hgl_8\">Para <\/span><span class=\"_fadeIn_m1hgl_8\">ejercer <\/span><span class=\"_fadeIn_m1hgl_8\">sus <\/span><span class=\"_fadeIn_m1hgl_8\">derechos, <\/span><span class=\"_fadeIn_m1hgl_8\">cont\u00e1ctenos <\/span><span class=\"_fadeIn_m1hgl_8\">a:<\/span><\/p><p><span class=\"_fadeIn_m1hgl_8\">\ud83d\udce7 Correo: info@obiinsurancegroup.com<\/span><span class=\"_fadeIn_m1hgl_8\">\u00a0| \ud83d\udcde <b>Phone<\/b>\u00a0+1 (786) 495-2076<\/span><\/p><p data-start=\"2868\" data-end=\"2899\"><span class=\"_fadeIn_m1hgl_8\">\ud83d\udd04 <\/span><span class=\"_fadeIn_m1hgl_8\">Cambios <\/span><span class=\"_fadeIn_m1hgl_8\">a <\/span><span class=\"_fadeIn_m1hgl_8\">esta <\/span><span class=\"_fadeIn_m1hgl_8\">Pol\u00edtica<\/span><\/p><p><span class=\"_fadeIn_m1hgl_8\">Nos <\/span><span class=\"_fadeIn_m1hgl_8\">reservamos <\/span><span class=\"_fadeIn_m1hgl_8\">el <\/span><span class=\"_fadeIn_m1hgl_8\">derecho <\/span><span class=\"_fadeIn_m1hgl_8\">a <\/span><span class=\"_fadeIn_m1hgl_8\">modificar <\/span><span class=\"_fadeIn_m1hgl_8\">esta <\/span><span class=\"_fadeIn_m1hgl_8\">Pol\u00edtica <\/span><span class=\"_fadeIn_m1hgl_8\">en <\/span><span class=\"_fadeIn_m1hgl_8\">cualquier <\/span><span class=\"_fadeIn_m1hgl_8\">momento. <\/span><span class=\"_fadeIn_m1hgl_8\">Cualquier <\/span><span class=\"_fadeIn_m1hgl_8\">cambio <\/span><span class=\"_fadeIn_m1hgl_8\">ser\u00e1 <\/span><span class=\"_fadeIn_m1hgl_8\">publicado <\/span><span class=\"_fadeIn_m1hgl_8\">en <\/span><span class=\"_fadeIn_m1hgl_8\">esta <\/span><span class=\"_fadeIn_m1hgl_8\">p\u00e1gina <\/span><span class=\"_fadeIn_m1hgl_8\">con <\/span><span class=\"_fadeIn_m1hgl_8\">la <\/span><span class=\"_fadeIn_m1hgl_8\">nueva <\/span><span class=\"_fadeIn_m1hgl_8\">fecha <\/span><span class=\"_fadeIn_m1hgl_8\">de <\/span><span class=\"_fadeIn_m1hgl_8\">actualizaci\u00f3n.<\/span><\/p><p data-start=\"3060\" data-end=\"3079\"><span class=\"_fadeIn_m1hgl_8\">\ud83d\udcde <\/span><span class=\"_fadeIn_m1hgl_8\">Cont\u00e1ctenos<\/span><\/p><p><span class=\"_fadeIn_m1hgl_8\">Si <\/span><span class=\"_fadeIn_m1hgl_8\">tiene <\/span><span class=\"_fadeIn_m1hgl_8\">preguntas <\/span><span class=\"_fadeIn_m1hgl_8\">sobre <\/span><span class=\"_fadeIn_m1hgl_8\">esta <\/span><span class=\"_fadeIn_m1hgl_8\">Pol\u00edtica <\/span><span class=\"_fadeIn_m1hgl_8\">de <\/span><span class=\"_fadeIn_m1hgl_8\">Privacidad <\/span><span class=\"_fadeIn_m1hgl_8\">o <\/span><span class=\"_fadeIn_m1hgl_8\">el <\/span><span class=\"_fadeIn_m1hgl_8\">tratamiento <\/span><span class=\"_fadeIn_m1hgl_8\">de <\/span><span class=\"_fadeIn_m1hgl_8\">su <\/span><span class=\"_fadeIn_m1hgl_8\">informaci\u00f3n, <\/span><span class=\"_fadeIn_m1hgl_8\">cont\u00e1ctenos <\/span><span class=\"_fadeIn_m1hgl_8\">a:<\/span><\/p><p><strong data-start=\"3186\" data-end=\"3209\"><span class=\"_fadeIn_m1hgl_8\">Obi <\/span><span class=\"_fadeIn_m1hgl_8\">Insurance <\/span><span class=\"_fadeIn_m1hgl_8\">Group<\/span><\/strong><br data-start=\"3209\" data-end=\"3212\" \/><b>Address:<\/b>\u00a0Florida<br data-start=\"3247\" data-end=\"3250\" \/><span class=\"_fadeIn_m1hgl_8\">\ud83d\udce7 <b>Email<\/b> info@obiinsurancegroup.com<\/span><br data-start=\"3283\" data-end=\"3286\" \/><span class=\"_fadeIn_m1hgl_8\">\ud83d\udcde <b>Phone<\/b>\u00a0+1 (786) 495-2076<\/span><\/p>\t\t\t\t\t\t\t\t<\/div>\n\t\t\t\t<\/div>\n\t\t\t\t\t<\/div>\n\t\t\t\t<\/div>\n\t\t\t\t<\/div>","protected":false},"excerpt":{"rendered":"<p>Pol\u00edtica de Privacidad de Obi Insurance Group En Obi Insurance Group, valoramos su privacidad y estamos comprometidos con la protecci\u00f3n de su informaci\u00f3n personal. Esta Pol\u00edtica de Privacidad describe c\u00f3mo recopilamos, usamos y protegemos la informaci\u00f3n que usted nos proporciona a trav\u00e9s de nuestro sitio web y servicios asociados. Informaci\u00f3n que Recopilamos Podemos recopilar la [&hellip;]<\/p>","protected":false},"author":1,"featured_media":0,"parent":0,"menu_order":0,"comment_status":"closed","ping_status":"closed","template":"elementor_header_footer","meta":{"footnotes":""},"class_list":["post-717","page","type-page","status-publish","hentry"],"_links":{"self":[{"href":"https:\/\/obiinsurancegroup.com\/en\/wp-json\/wp\/v2\/pages\/717","targetHints":{"allow":["GET"]}}],"collection":[{"href":"https:\/\/obiinsurancegroup.com\/en\/wp-json\/wp\/v2\/pages"}],"about":[{"href":"https:\/\/obiinsurancegroup.com\/en\/wp-json\/wp\/v2\/types\/page"}],"author":[{"embeddable":true,"href":"https:\/\/obiinsurancegroup.com\/en\/wp-json\/wp\/v2\/users\/1"}],"replies":[{"embeddable":true,"href":"https:\/\/obiinsurancegroup.com\/en\/wp-json\/wp\/v2\/comments?post=717"}],"version-history":[{"count":4,"href":"https:\/\/obiinsurancegroup.com\/en\/wp-json\/wp\/v2\/pages\/717\/revisions"}],"predecessor-version":[{"id":723,"href":"https:\/\/obiinsurancegroup.com\/en\/wp-json\/wp\/v2\/pages\/717\/revisions\/723"}],"wp:attachment":[{"href":"https:\/\/obiinsurancegroup.com\/en\/wp-json\/wp\/v2\/media?parent=717"}],"curies":[{"name":"wp","href":"https:\/\/api.w.org\/{rel}","templated":true}]}}