{"id":18,"date":"2023-12-06T15:47:10","date_gmt":"2023-12-06T14:47:10","guid":{"rendered":"https:\/\/obiinsurancegroup.com\/?page_id=18"},"modified":"2025-04-29T17:37:23","modified_gmt":"2025-04-29T15:37:23","slug":"servicios","status":"publish","type":"page","link":"https:\/\/obiinsurancegroup.com\/en\/servicios\/","title":{"rendered":"Services"},"content":{"rendered":"<div data-elementor-type=\"wp-page\" data-elementor-id=\"18\" class=\"elementor elementor-18\" data-elementor-post-type=\"page\">\n\t\t\t\t<div class=\"elementor-element elementor-element-36e0e3f e-flex e-con-boxed e-con e-parent\" data-id=\"36e0e3f\" data-element_type=\"container\" data-settings=\"{&quot;background_background&quot;:&quot;classic&quot;}\">\n\t\t\t\t\t<div class=\"e-con-inner\">\n\t\t\t\t<div class=\"elementor-element elementor-element-bb12db0 elementor-widget elementor-widget-heading\" data-id=\"bb12db0\" data-element_type=\"widget\" data-widget_type=\"heading.default\">\n\t\t\t\t<div class=\"elementor-widget-container\">\n\t\t\t\t\t<h1 class=\"elementor-heading-title elementor-size-default\">Your Money Protected. Your Legacy in the Making.<\/h1>\t\t\t\t<\/div>\n\t\t\t\t<\/div>\n\t\t\t\t<div class=\"elementor-element elementor-element-c84efa8 elementor-widget elementor-widget-text-editor\" data-id=\"c84efa8\" data-element_type=\"widget\" data-widget_type=\"text-editor.default\">\n\t\t\t\t<div class=\"elementor-widget-container\">\n\t\t\t\t\t\t\t\t\t<p>IUL life insurance experts who help you grow with security, plan your retirement, and protect what you love most.<\/p>\t\t\t\t\t\t\t\t<\/div>\n\t\t\t\t<\/div>\n\t\t\t\t<div class=\"elementor-element elementor-element-58afb71 elementor-align-center elementor-invisible elementor-widget elementor-widget-button\" data-id=\"58afb71\" data-element_type=\"widget\" data-settings=\"{&quot;_animation&quot;:&quot;fadeInUp&quot;}\" data-widget_type=\"button.default\">\n\t\t\t\t<div class=\"elementor-widget-container\">\n\t\t\t\t\t\t\t\t\t<div class=\"elementor-button-wrapper\">\n\t\t\t\t\t<a class=\"elementor-button elementor-button-link elementor-size-sm\" href=\"https:\/\/obiinsurancegroup.com\/en\/contacto\/\">\n\t\t\t\t\t\t<span class=\"elementor-button-content-wrapper\">\n\t\t\t\t\t\t\t\t\t<span class=\"elementor-button-text\">Talk to Us<\/span>\n\t\t\t\t\t<\/span>\n\t\t\t\t\t<\/a>\n\t\t\t\t<\/div>\n\t\t\t\t\t\t\t\t<\/div>\n\t\t\t\t<\/div>\n\t\t\t\t<div class=\"elementor-element elementor-element-bf75acb elementor-mobile-align-center elementor-icon-list--layout-traditional elementor-list-item-link-full_width elementor-widget elementor-widget-icon-list\" data-id=\"bf75acb\" data-element_type=\"widget\" data-widget_type=\"icon-list.default\">\n\t\t\t\t<div class=\"elementor-widget-container\">\n\t\t\t\t\t\t\t<ul class=\"elementor-icon-list-items\">\n\t\t\t\t\t\t\t<li class=\"elementor-icon-list-item\">\n\t\t\t\t\t\t\t\t\t\t\t<span class=\"elementor-icon-list-icon\">\n\t\t\t\t\t\t\t<svg aria-hidden=\"true\" class=\"e-font-icon-svg e-far-arrow-alt-circle-down\" viewbox=\"0 0 512 512\" xmlns=\"http:\/\/www.w3.org\/2000\/svg\"><path d=\"M256 8C119 8 8 119 8 256s111 248 248 248 248-111 248-248S393 8 256 8zm0 448c-110.5 0-200-89.5-200-200S145.5 56 256 56s200 89.5 200 200-89.5 200-200 200zm-32-316v116h-67c-10.7 0-16 12.9-8.5 20.5l99 99c4.7 4.7 12.3 4.7 17 0l99-99c7.6-7.6 2.2-20.5-8.5-20.5h-67V140c0-6.6-5.4-12-12-12h-40c-6.6 0-12 5.4-12 12z\"><\/path><\/svg>\t\t\t\t\t\t<\/span>\n\t\t\t\t\t\t\t\t\t\t<span class=\"elementor-icon-list-text\">Scroll<\/span>\n\t\t\t\t\t\t\t\t\t<\/li>\n\t\t\t\t\t\t<\/ul>\n\t\t\t\t\t\t<\/div>\n\t\t\t\t<\/div>\n\t\t\t\t\t<\/div>\n\t\t\t\t<\/div>\n\t\t<div class=\"elementor-element elementor-element-eea4c88 e-flex e-con-boxed e-con e-parent\" data-id=\"eea4c88\" data-element_type=\"container\">\n\t\t\t\t\t<div class=\"e-con-inner\">\n\t\t\t\t<div class=\"elementor-element elementor-element-e61b778 elementor-invisible elementor-widget elementor-widget-heading\" data-id=\"e61b778\" data-element_type=\"widget\" data-settings=\"{&quot;_animation&quot;:&quot;fadeInUp&quot;}\" data-widget_type=\"heading.default\">\n\t\t\t\t<div class=\"elementor-widget-container\">\n\t\t\t\t\t<h2 class=\"elementor-heading-title elementor-size-default\">Tailored solutions for every stage of your life<\/h2>\t\t\t\t<\/div>\n\t\t\t\t<\/div>\n\t\t\t\t<div class=\"elementor-element elementor-element-7d310ae elementor-widget elementor-widget-text-editor\" data-id=\"7d310ae\" data-element_type=\"widget\" data-widget_type=\"text-editor.default\">\n\t\t\t\t<div class=\"elementor-widget-container\">\n\t\t\t\t\t\t\t\t\t<p>From temporary protection to retirement strategies with tax benefits, our services are designed to guide you with clarity, personalization, and long-term vision.<\/p>\t\t\t\t\t\t\t\t<\/div>\n\t\t\t\t<\/div>\n\t\t\t\t\t<\/div>\n\t\t\t\t<\/div>\n\t\t<div class=\"elementor-element elementor-element-731c784 e-flex e-con-boxed e-con e-parent\" data-id=\"731c784\" data-element_type=\"container\" id=\"servicio1\" data-settings=\"{&quot;background_background&quot;:&quot;classic&quot;}\">\n\t\t\t\t\t<div class=\"e-con-inner\">\n\t\t<div class=\"elementor-element elementor-element-362e803 e-flex e-con-boxed e-con e-child\" data-id=\"362e803\" data-element_type=\"container\">\n\t\t\t\t\t<div class=\"e-con-inner\">\n\t\t\t\t<div class=\"elementor-element elementor-element-1b963f0 elementor-widget elementor-widget-image\" data-id=\"1b963f0\" data-element_type=\"widget\" data-widget_type=\"image.default\">\n\t\t\t\t<div class=\"elementor-widget-container\">\n\t\t\t\t\t\t\t\t\t\t\t\t\t\t\t<img fetchpriority=\"high\" decoding=\"async\" width=\"1056\" height=\"800\" src=\"https:\/\/obiinsurancegroup.com\/wp-content\/uploads\/2025\/04\/Agregar-un-titulo-2025-04-29T102949.556.jpg\" class=\"attachment-full size-full wp-image-670\" alt=\"\" srcset=\"https:\/\/obiinsurancegroup.com\/wp-content\/uploads\/2025\/04\/Agregar-un-titulo-2025-04-29T102949.556.jpg 1056w, https:\/\/obiinsurancegroup.com\/wp-content\/uploads\/2025\/04\/Agregar-un-titulo-2025-04-29T102949.556-300x227.jpg 300w, https:\/\/obiinsurancegroup.com\/wp-content\/uploads\/2025\/04\/Agregar-un-titulo-2025-04-29T102949.556-1024x776.jpg 1024w, https:\/\/obiinsurancegroup.com\/wp-content\/uploads\/2025\/04\/Agregar-un-titulo-2025-04-29T102949.556-768x582.jpg 768w\" sizes=\"(max-width: 1056px) 100vw, 1056px\" \/>\t\t\t\t\t\t\t\t\t\t\t\t\t\t\t<\/div>\n\t\t\t\t<\/div>\n\t\t\t\t\t<\/div>\n\t\t\t\t<\/div>\n\t\t<div class=\"elementor-element elementor-element-fceaf29 e-flex e-con-boxed e-con e-child\" data-id=\"fceaf29\" data-element_type=\"container\">\n\t\t\t\t\t<div class=\"e-con-inner\">\n\t\t\t\t<div class=\"elementor-element elementor-element-2055c0c elementor-invisible elementor-widget elementor-widget-heading\" data-id=\"2055c0c\" data-element_type=\"widget\" data-settings=\"{&quot;_animation&quot;:&quot;fadeInUp&quot;}\" data-widget_type=\"heading.default\">\n\t\t\t\t<div class=\"elementor-widget-container\">\n\t\t\t\t\t<h2 class=\"elementor-heading-title elementor-size-default\">IUL (Indexed Universal Life)<\/h2>\t\t\t\t<\/div>\n\t\t\t\t<\/div>\n\t\t\t\t<div class=\"elementor-element elementor-element-4671faa elementor-widget elementor-widget-text-editor\" data-id=\"4671faa\" data-element_type=\"widget\" data-widget_type=\"text-editor.default\">\n\t\t\t\t<div class=\"elementor-widget-container\">\n\t\t\t\t\t\t\t\t\t<p><strong data-start=\"341\" data-end=\"397\">Growth without losses. Protection with strategy.<\/strong><br data-start=\"397\" data-end=\"400\" \/>The IUL life insurance combines the best of both worlds: it protects you for life while safely growing your money, linked to indexes like the S&amp;P 500, with no risk of loss from market downturns.<br data-start=\"611\" data-end=\"614\" \/>Ideal para quienes buscan un retiro libre de impuestos, crecimiento con garant\u00eda y dejar un legado financiero.<\/p>\t\t\t\t\t\t\t\t<\/div>\n\t\t\t\t<\/div>\n\t\t\t\t<div class=\"elementor-element elementor-element-7370ea3 elementor-align-left elementor-invisible elementor-widget elementor-widget-button\" data-id=\"7370ea3\" data-element_type=\"widget\" data-settings=\"{&quot;_animation&quot;:&quot;fadeInUp&quot;}\" data-widget_type=\"button.default\">\n\t\t\t\t<div class=\"elementor-widget-container\">\n\t\t\t\t\t\t\t\t\t<div class=\"elementor-button-wrapper\">\n\t\t\t\t\t<a class=\"elementor-button elementor-button-link elementor-size-sm\" href=\"https:\/\/obiinsurancegroup.com\/index.php\/contacto\/\">\n\t\t\t\t\t\t<span class=\"elementor-button-content-wrapper\">\n\t\t\t\t\t\t\t\t\t<span class=\"elementor-button-text\">Contact Us Now<\/span>\n\t\t\t\t\t<\/span>\n\t\t\t\t\t<\/a>\n\t\t\t\t<\/div>\n\t\t\t\t\t\t\t\t<\/div>\n\t\t\t\t<\/div>\n\t\t\t\t\t<\/div>\n\t\t\t\t<\/div>\n\t\t\t\t\t<\/div>\n\t\t\t\t<\/div>\n\t\t<div class=\"elementor-element elementor-element-f8aff8d e-flex e-con-boxed e-con e-parent\" data-id=\"f8aff8d\" data-element_type=\"container\" id=\"servicio2\" data-settings=\"{&quot;background_background&quot;:&quot;classic&quot;}\">\n\t\t\t\t\t<div class=\"e-con-inner\">\n\t\t<div class=\"elementor-element elementor-element-5c1ce82 e-flex e-con-boxed e-con e-child\" data-id=\"5c1ce82\" data-element_type=\"container\">\n\t\t\t\t\t<div class=\"e-con-inner\">\n\t\t\t\t<div class=\"elementor-element elementor-element-1356582 elementor-invisible elementor-widget elementor-widget-heading\" data-id=\"1356582\" data-element_type=\"widget\" data-settings=\"{&quot;_animation&quot;:&quot;fadeInUp&quot;}\" data-widget_type=\"heading.default\">\n\t\t\t\t<div class=\"elementor-widget-container\">\n\t\t\t\t\t<h2 class=\"elementor-heading-title elementor-size-default\">Whole Life Insurance<\/h2>\t\t\t\t<\/div>\n\t\t\t\t<\/div>\n\t\t\t\t<div class=\"elementor-element elementor-element-766c149 elementor-widget elementor-widget-text-editor\" data-id=\"766c149\" data-element_type=\"widget\" data-widget_type=\"text-editor.default\">\n\t\t\t\t<div class=\"elementor-widget-container\">\n\t\t\t\t\t\t\t\t\t<p><strong data-start=\"806\" data-end=\"854\">Permanent protection with guaranteed value.<\/strong><br data-start=\"854\" data-end=\"857\" \/>Whole life insurance provides lifelong coverage, with a fixed premium and cash value that grows securely over time. It\u2019s a solid option if you\u2019re looking for stability and ensuring long-term financial support for your loved ones.<\/p>\t\t\t\t\t\t\t\t<\/div>\n\t\t\t\t<\/div>\n\t\t\t\t<div class=\"elementor-element elementor-element-7594892 elementor-align-left elementor-invisible elementor-widget elementor-widget-button\" data-id=\"7594892\" data-element_type=\"widget\" data-settings=\"{&quot;_animation&quot;:&quot;fadeInUp&quot;}\" data-widget_type=\"button.default\">\n\t\t\t\t<div class=\"elementor-widget-container\">\n\t\t\t\t\t\t\t\t\t<div class=\"elementor-button-wrapper\">\n\t\t\t\t\t<a class=\"elementor-button elementor-button-link elementor-size-sm\" href=\"https:\/\/obiinsurancegroup.com\/index.php\/contacto\/\">\n\t\t\t\t\t\t<span class=\"elementor-button-content-wrapper\">\n\t\t\t\t\t\t\t\t\t<span class=\"elementor-button-text\">Contact Us Now<\/span>\n\t\t\t\t\t<\/span>\n\t\t\t\t\t<\/a>\n\t\t\t\t<\/div>\n\t\t\t\t\t\t\t\t<\/div>\n\t\t\t\t<\/div>\n\t\t\t\t\t<\/div>\n\t\t\t\t<\/div>\n\t\t<div class=\"elementor-element elementor-element-0060775 e-flex e-con-boxed e-con e-child\" data-id=\"0060775\" data-element_type=\"container\">\n\t\t\t\t\t<div class=\"e-con-inner\">\n\t\t\t\t<div class=\"elementor-element elementor-element-7438075 elementor-widget elementor-widget-image\" data-id=\"7438075\" data-element_type=\"widget\" data-widget_type=\"image.default\">\n\t\t\t\t<div class=\"elementor-widget-container\">\n\t\t\t\t\t\t\t\t\t\t\t\t\t\t\t<img decoding=\"async\" width=\"1056\" height=\"800\" src=\"https:\/\/obiinsurancegroup.com\/wp-content\/uploads\/2025\/04\/Agregar-un-titulo-2025-04-29T103146.831.jpg\" class=\"attachment-full size-full wp-image-667\" alt=\"\" srcset=\"https:\/\/obiinsurancegroup.com\/wp-content\/uploads\/2025\/04\/Agregar-un-titulo-2025-04-29T103146.831.jpg 1056w, https:\/\/obiinsurancegroup.com\/wp-content\/uploads\/2025\/04\/Agregar-un-titulo-2025-04-29T103146.831-300x227.jpg 300w, https:\/\/obiinsurancegroup.com\/wp-content\/uploads\/2025\/04\/Agregar-un-titulo-2025-04-29T103146.831-1024x776.jpg 1024w, https:\/\/obiinsurancegroup.com\/wp-content\/uploads\/2025\/04\/Agregar-un-titulo-2025-04-29T103146.831-768x582.jpg 768w\" sizes=\"(max-width: 1056px) 100vw, 1056px\" \/>\t\t\t\t\t\t\t\t\t\t\t\t\t\t\t<\/div>\n\t\t\t\t<\/div>\n\t\t\t\t\t<\/div>\n\t\t\t\t<\/div>\n\t\t\t\t\t<\/div>\n\t\t\t\t<\/div>\n\t\t<div class=\"elementor-element elementor-element-f36ae1d e-flex e-con-boxed e-con e-parent\" data-id=\"f36ae1d\" data-element_type=\"container\" id=\"servicio3\" data-settings=\"{&quot;background_background&quot;:&quot;classic&quot;}\">\n\t\t\t\t\t<div class=\"e-con-inner\">\n\t\t<div class=\"elementor-element elementor-element-7f0c578 e-flex e-con-boxed e-con e-child\" data-id=\"7f0c578\" data-element_type=\"container\">\n\t\t\t\t\t<div class=\"e-con-inner\">\n\t\t\t\t<div class=\"elementor-element elementor-element-c0e5d89 elementor-widget elementor-widget-image\" data-id=\"c0e5d89\" data-element_type=\"widget\" data-widget_type=\"image.default\">\n\t\t\t\t<div class=\"elementor-widget-container\">\n\t\t\t\t\t\t\t\t\t\t\t\t\t\t\t<img decoding=\"async\" width=\"1056\" height=\"800\" src=\"https:\/\/obiinsurancegroup.com\/wp-content\/uploads\/2025\/04\/Agregar-un-titulo-2025-04-29T103046.643.jpg\" class=\"attachment-full size-full wp-image-668\" alt=\"\" srcset=\"https:\/\/obiinsurancegroup.com\/wp-content\/uploads\/2025\/04\/Agregar-un-titulo-2025-04-29T103046.643.jpg 1056w, https:\/\/obiinsurancegroup.com\/wp-content\/uploads\/2025\/04\/Agregar-un-titulo-2025-04-29T103046.643-300x227.jpg 300w, https:\/\/obiinsurancegroup.com\/wp-content\/uploads\/2025\/04\/Agregar-un-titulo-2025-04-29T103046.643-1024x776.jpg 1024w, https:\/\/obiinsurancegroup.com\/wp-content\/uploads\/2025\/04\/Agregar-un-titulo-2025-04-29T103046.643-768x582.jpg 768w\" sizes=\"(max-width: 1056px) 100vw, 1056px\" \/>\t\t\t\t\t\t\t\t\t\t\t\t\t\t\t<\/div>\n\t\t\t\t<\/div>\n\t\t\t\t\t<\/div>\n\t\t\t\t<\/div>\n\t\t<div class=\"elementor-element elementor-element-4b0e37e e-flex e-con-boxed e-con e-child\" data-id=\"4b0e37e\" data-element_type=\"container\">\n\t\t\t\t\t<div class=\"e-con-inner\">\n\t\t\t\t<div class=\"elementor-element elementor-element-66c953d elementor-invisible elementor-widget elementor-widget-heading\" data-id=\"66c953d\" data-element_type=\"widget\" data-settings=\"{&quot;_animation&quot;:&quot;fadeInUp&quot;}\" data-widget_type=\"heading.default\">\n\t\t\t\t<div class=\"elementor-widget-container\">\n\t\t\t\t\t<h2 class=\"elementor-heading-title elementor-size-default\">Final Expenses<\/h2>\t\t\t\t<\/div>\n\t\t\t\t<\/div>\n\t\t\t\t<div class=\"elementor-element elementor-element-9cb5e7c elementor-widget elementor-widget-text-editor\" data-id=\"9cb5e7c\" data-element_type=\"widget\" data-widget_type=\"text-editor.default\">\n\t\t\t\t<div class=\"elementor-widget-container\">\n\t\t\t\t\t\t\t\t\t<p><strong data-start=\"1187\" data-end=\"1232\">The peace of mind of having everything planned.<\/strong><br data-start=\"1232\" data-end=\"1235\" \/>This type of insurance covers the costs associated with the end of life, such as funerals, burials, and other unexpected expenses. It\u2019s an affordable and responsible way to care for your loved ones, even in the most difficult times.<\/p>\t\t\t\t\t\t\t\t<\/div>\n\t\t\t\t<\/div>\n\t\t\t\t<div class=\"elementor-element elementor-element-7a6da70 elementor-align-left elementor-invisible elementor-widget elementor-widget-button\" data-id=\"7a6da70\" data-element_type=\"widget\" data-settings=\"{&quot;_animation&quot;:&quot;fadeInUp&quot;}\" data-widget_type=\"button.default\">\n\t\t\t\t<div class=\"elementor-widget-container\">\n\t\t\t\t\t\t\t\t\t<div class=\"elementor-button-wrapper\">\n\t\t\t\t\t<a class=\"elementor-button elementor-button-link elementor-size-sm\" href=\"https:\/\/obiinsurancegroup.com\/index.php\/contacto\/\">\n\t\t\t\t\t\t<span class=\"elementor-button-content-wrapper\">\n\t\t\t\t\t\t\t\t\t<span class=\"elementor-button-text\">Contact Us Now<\/span>\n\t\t\t\t\t<\/span>\n\t\t\t\t\t<\/a>\n\t\t\t\t<\/div>\n\t\t\t\t\t\t\t\t<\/div>\n\t\t\t\t<\/div>\n\t\t\t\t\t<\/div>\n\t\t\t\t<\/div>\n\t\t\t\t\t<\/div>\n\t\t\t\t<\/div>\n\t\t<div class=\"elementor-element elementor-element-0a5a091 e-flex e-con-boxed e-con e-parent\" data-id=\"0a5a091\" data-element_type=\"container\" id=\"servicio4\" data-settings=\"{&quot;background_background&quot;:&quot;classic&quot;}\">\n\t\t\t\t\t<div class=\"e-con-inner\">\n\t\t<div class=\"elementor-element elementor-element-07a31de e-flex e-con-boxed e-con e-child\" data-id=\"07a31de\" data-element_type=\"container\">\n\t\t\t\t\t<div class=\"e-con-inner\">\n\t\t\t\t<div class=\"elementor-element elementor-element-69a132c elementor-invisible elementor-widget elementor-widget-heading\" data-id=\"69a132c\" data-element_type=\"widget\" data-settings=\"{&quot;_animation&quot;:&quot;fadeInUp&quot;}\" data-widget_type=\"heading.default\">\n\t\t\t\t<div class=\"elementor-widget-container\">\n\t\t\t\t\t<h2 class=\"elementor-heading-title elementor-size-default\">Term Life Insurance<\/h2>\t\t\t\t<\/div>\n\t\t\t\t<\/div>\n\t\t\t\t<div class=\"elementor-element elementor-element-c9a4854 elementor-widget elementor-widget-text-editor\" data-id=\"c9a4854\" data-element_type=\"widget\" data-widget_type=\"text-editor.default\">\n\t\t\t\t<div class=\"elementor-widget-container\">\n\t\t\t\t\t\t\t\t\t<p><strong data-start=\"1532\" data-end=\"1581\">Affordable protection for specific stages.<\/strong><br data-start=\"1581\" data-end=\"1584\" \/>Term life insurance provides coverage for a set period (10, 20, 30 years), ideal if you want to protect your family while paying off a mortgage, raising your children, or building financial stability. It\u2019s the most affordable and flexible option to get started.<\/p>\t\t\t\t\t\t\t\t<\/div>\n\t\t\t\t<\/div>\n\t\t\t\t<div class=\"elementor-element elementor-element-1f66e77 elementor-align-left elementor-invisible elementor-widget elementor-widget-button\" data-id=\"1f66e77\" data-element_type=\"widget\" data-settings=\"{&quot;_animation&quot;:&quot;fadeInUp&quot;}\" data-widget_type=\"button.default\">\n\t\t\t\t<div class=\"elementor-widget-container\">\n\t\t\t\t\t\t\t\t\t<div class=\"elementor-button-wrapper\">\n\t\t\t\t\t<a class=\"elementor-button elementor-button-link elementor-size-sm\" href=\"https:\/\/obiinsurancegroup.com\/index.php\/contacto\/\">\n\t\t\t\t\t\t<span class=\"elementor-button-content-wrapper\">\n\t\t\t\t\t\t\t\t\t<span class=\"elementor-button-text\">Contact Us Now<\/span>\n\t\t\t\t\t<\/span>\n\t\t\t\t\t<\/a>\n\t\t\t\t<\/div>\n\t\t\t\t\t\t\t\t<\/div>\n\t\t\t\t<\/div>\n\t\t\t\t\t<\/div>\n\t\t\t\t<\/div>\n\t\t<div class=\"elementor-element elementor-element-3f62ddd e-flex e-con-boxed e-con e-child\" data-id=\"3f62ddd\" data-element_type=\"container\">\n\t\t\t\t\t<div class=\"e-con-inner\">\n\t\t\t\t<div class=\"elementor-element elementor-element-8287cd4 elementor-widget elementor-widget-image\" data-id=\"8287cd4\" data-element_type=\"widget\" data-widget_type=\"image.default\">\n\t\t\t\t<div class=\"elementor-widget-container\">\n\t\t\t\t\t\t\t\t\t\t\t\t\t\t\t<img loading=\"lazy\" decoding=\"async\" width=\"1056\" height=\"800\" src=\"https:\/\/obiinsurancegroup.com\/wp-content\/uploads\/2025\/04\/Agregar-un-titulo-2025-04-29T103018.505.jpg\" class=\"attachment-full size-full wp-image-669\" alt=\"\" srcset=\"https:\/\/obiinsurancegroup.com\/wp-content\/uploads\/2025\/04\/Agregar-un-titulo-2025-04-29T103018.505.jpg 1056w, https:\/\/obiinsurancegroup.com\/wp-content\/uploads\/2025\/04\/Agregar-un-titulo-2025-04-29T103018.505-300x227.jpg 300w, https:\/\/obiinsurancegroup.com\/wp-content\/uploads\/2025\/04\/Agregar-un-titulo-2025-04-29T103018.505-1024x776.jpg 1024w, https:\/\/obiinsurancegroup.com\/wp-content\/uploads\/2025\/04\/Agregar-un-titulo-2025-04-29T103018.505-768x582.jpg 768w\" sizes=\"(max-width: 1056px) 100vw, 1056px\" \/>\t\t\t\t\t\t\t\t\t\t\t\t\t\t\t<\/div>\n\t\t\t\t<\/div>\n\t\t\t\t\t<\/div>\n\t\t\t\t<\/div>\n\t\t\t\t\t<\/div>\n\t\t\t\t<\/div>\n\t\t\t\t<\/div>","protected":false},"excerpt":{"rendered":"<p>Tu Dinero Protegido. Tu Legado en Construcci\u00f3n Expertos en seguros de vida IUL que te ayudan a crecer con seguridad, planificar tu retiro y proteger lo que m\u00e1s amas. Habla con Nosotros Scroll Soluciones hechas a tu medida, para cada etapa de tu vida Desde protecci\u00f3n temporal hasta estrategias de retiro con beneficios fiscales, nuestros [&hellip;]<\/p>","protected":false},"author":1,"featured_media":0,"parent":0,"menu_order":0,"comment_status":"closed","ping_status":"closed","template":"elementor_header_footer","meta":{"footnotes":""},"class_list":["post-18","page","type-page","status-publish","hentry"],"_links":{"self":[{"href":"https:\/\/obiinsurancegroup.com\/en\/wp-json\/wp\/v2\/pages\/18","targetHints":{"allow":["GET"]}}],"collection":[{"href":"https:\/\/obiinsurancegroup.com\/en\/wp-json\/wp\/v2\/pages"}],"about":[{"href":"https:\/\/obiinsurancegroup.com\/en\/wp-json\/wp\/v2\/types\/page"}],"author":[{"embeddable":true,"href":"https:\/\/obiinsurancegroup.com\/en\/wp-json\/wp\/v2\/users\/1"}],"replies":[{"embeddable":true,"href":"https:\/\/obiinsurancegroup.com\/en\/wp-json\/wp\/v2\/comments?post=18"}],"version-history":[{"count":127,"href":"https:\/\/obiinsurancegroup.com\/en\/wp-json\/wp\/v2\/pages\/18\/revisions"}],"predecessor-version":[{"id":685,"href":"https:\/\/obiinsurancegroup.com\/en\/wp-json\/wp\/v2\/pages\/18\/revisions\/685"}],"wp:attachment":[{"href":"https:\/\/obiinsurancegroup.com\/en\/wp-json\/wp\/v2\/media?parent=18"}],"curies":[{"name":"wp","href":"https:\/\/api.w.org\/{rel}","templated":true}]}}